{"id":1777,"date":"2020-06-15T23:42:27","date_gmt":"2020-06-16T04:42:27","guid":{"rendered":"https:\/\/www.pcsistel.com\/pe\/?page_id=1777"},"modified":"2022-11-18T10:01:15","modified_gmt":"2022-11-18T15:01:15","slug":"pcsistel-productividad","status":"publish","type":"page","link":"https:\/\/www.pcsistel.com\/pe\/soluciones\/pcsistel-productividad\/","title":{"rendered":"PCSistel Productividad"},"content":{"rendered":"<img fetchpriority=\"high\" decoding=\"async\" width=\"629\" height=\"552\" src=\"https:\/\/www.pcsistel.com\/pe\/wp-content\/uploads\/2020\/08\/1400-560_v1.png\" alt=\"\" srcset=\"https:\/\/www.pcsistel.com\/pe\/wp-content\/uploads\/2020\/08\/1400-560_v1.png 629w, https:\/\/www.pcsistel.com\/pe\/wp-content\/uploads\/2020\/08\/1400-560_v1-300x263.png 300w\" sizes=\"(max-width: 629px) 100vw, 629px\" \/>\t\t\t\t\t\t\t\t\t\t\t\n\t\t\t<h2>PCSISTEL\u00ae Productividad<\/h2>\t\t\n\t\t\t<h5>Monitorea el uso de de las aplicaciones en tu organizaci\u00f3n<\/h5>\t\t\n\t\t\t\t\t\t\t\t\t\t<img decoding=\"async\" width=\"531\" height=\"259\" src=\"https:\/\/www.pcsistel.com\/pe\/wp-content\/uploads\/2020\/06\/Productividad1.png\" alt=\"\" srcset=\"https:\/\/www.pcsistel.com\/pe\/wp-content\/uploads\/2020\/06\/Productividad1.png 531w, https:\/\/www.pcsistel.com\/pe\/wp-content\/uploads\/2020\/06\/Productividad1-300x146.png 300w\" sizes=\"(max-width: 531px) 100vw, 531px\" \/>\t\t\t\t\t\t\t\t\t\t\t\n\t\t\t<h2>Monitoreo de uso de aplicaciones<\/h2>\t\t\n\t\t\t<h2>Revisa el tiempo de uso de aplicaciones<\/h2>\t\t\n\t\t<p>Controla la productividad monitoreando el uso de aplicaciones y p\u00e1ginas web de un \u00e1rea como de un colaborador en espec\u00edfico.\u00a0<\/p><p>Elimina los tiempos muertos comparando el % de horas de uso de aplicaciones categorizadas como productivas versus el tiempo esperado de trabajo al mes.<\/p>\t\t\n\t\t\t\t\t\t\t\t\t\t<img decoding=\"async\" width=\"911\" height=\"713\" src=\"https:\/\/www.pcsistel.com\/pe\/wp-content\/uploads\/2020\/06\/Productividad2.png\" alt=\"\" srcset=\"https:\/\/www.pcsistel.com\/pe\/wp-content\/uploads\/2020\/06\/Productividad2.png 911w, https:\/\/www.pcsistel.com\/pe\/wp-content\/uploads\/2020\/06\/Productividad2-300x235.png 300w, https:\/\/www.pcsistel.com\/pe\/wp-content\/uploads\/2020\/06\/Productividad2-768x601.png 768w\" sizes=\"(max-width: 911px) 100vw, 911px\" \/>\t\t\t\t\t\t\t\t\t\t\t\n\t\t\t\t\t\t\t\t\t\t<img loading=\"lazy\" decoding=\"async\" width=\"1326\" height=\"741\" src=\"https:\/\/www.pcsistel.com\/pe\/wp-content\/uploads\/2020\/06\/Productividad3.png\" alt=\"\" srcset=\"https:\/\/www.pcsistel.com\/pe\/wp-content\/uploads\/2020\/06\/Productividad3.png 1326w, https:\/\/www.pcsistel.com\/pe\/wp-content\/uploads\/2020\/06\/Productividad3-300x168.png 300w, https:\/\/www.pcsistel.com\/pe\/wp-content\/uploads\/2020\/06\/Productividad3-1024x572.png 1024w, https:\/\/www.pcsistel.com\/pe\/wp-content\/uploads\/2020\/06\/Productividad3-768x429.png 768w\" sizes=\"(max-width: 1326px) 100vw, 1326px\" \/>\t\t\t\t\t\t\t\t\t\t\t\n\t\t\t<h2>Plataforma en la Nube<\/h2>\t\t\n\t\t\t<h2>Arquitectura robusta basada en la nube<\/h2>\t\t\n\t\t<p><strong>Componentes<\/strong><\/p><ul><li>Web Productividad: web que expone la informaci\u00f3n al usuario administrador.<\/li><li>Servicio Web: servicio que recibe la informaci\u00f3n enviada por el agente<\/li><li>Agente de Productividad: Servicio que se instala en los equipos de los usuarios, que obtiene la informaci\u00f3n de las aplicaciones utilizadas y las p\u00e1ginas web visitadas.<\/li><\/ul>\t\t\n\t\t\t<h2><h2 data-elementor-setting-key=\"title\" data-pen-placeholder=\"Teclea aqu\u00ed...\" style=\"font-size: 25px; font-style: normal; font-weight: 600; color: rgb(30, 117, 217); font-family: Helvetica, sans-serif;\">Componente Tab PCSistel Productividad<\/h2><\/h2>\t\t\n\t\t<p style=\"text-align: justify;\">Permite mostrar en el t\u00edtulo de la pesta\u00f1a del navegador s\u00f3lo la <b>URL BASE<\/b> de la pagina actual en la que se est\u00e1 navegando, esto permite que el sistema de productividad pueda identificar que sitios han sido visitados de forma general, de forma segura, pues no captura datos adicionales que puedan figurar en la URL Completa.<\/p>\n<p>\u00a0<\/p>\n<p>La extensi\u00f3n Chrome no captura informaci\u00f3n en el modo incognito, manteniendo as\u00ed la privacidad del usuario.<\/p>\t\t\n\t\t\t\t\t\t\t\t\t\t<img loading=\"lazy\" decoding=\"async\" width=\"640\" height=\"401\" src=\"https:\/\/www.pcsistel.com\/pe\/wp-content\/uploads\/2020\/08\/tab-PCSistel-Productividad.png\" alt=\"\" srcset=\"https:\/\/www.pcsistel.com\/pe\/wp-content\/uploads\/2020\/08\/tab-PCSistel-Productividad.png 640w, https:\/\/www.pcsistel.com\/pe\/wp-content\/uploads\/2020\/08\/tab-PCSistel-Productividad-300x188.png 300w\" sizes=\"(max-width: 640px) 100vw, 640px\" \/>\t\t\t\t\t\t\t\t\t\t\t\n\t\t\t<section id=\"\"><h3>Preguntas Frecuentes<\/h3><article><li>\u00bfEl Agente de Productividad instalado en los equipos captura el texto digitado?<p>\n<p>No, el agente esta dise\u00f1ado para respetar las normas de privacidad, no captura texto digitado en el equipo donde se encuentra instalado.<\/p>\n<\/p><\/li><li>\u00bfQu\u00e9 es la extensi\u00f3n Chrome PCSISTEL Tab?<p>\n<p>Es una extensi\u00f3n dise\u00f1ada para capturar solo la URL base de la pagina a la que se esta navegando con la finalidad de que nuestro agente pueda identificar dicha informaci\u00f3n.<\/p>\n<\/p><\/li><li>\u00bfQu\u00e9 es la URL base?<p>\n<p>Por ejemplo, si se ingresa a : office.com, la url visitada que se muestra en su navegador ser\u00e1 : <strong>\u201d<\/strong><a href=\"https:\/\/www.office.com\/?auth=2\"><strong>https:\/\/www.office.com\/?auth=2<\/strong><\/a><strong>\u201d<\/strong> , nuestra extensi\u00f3n solo identifica : <strong>\u201c<\/strong><a href=\"https:\/\/www.office.com\/\"><strong>https:\/\/www.office.com\/<\/strong><\/a><strong>\u201d<\/strong> que es lo que nosotros denominamos URL Base.<\/p>\n<\/p><\/li><li>\u00bfSe necesita muchos recursos de memoria o disco para utilizar el agente de productividad?<p>\n<p>No, el agente es un servicio bastante ligero que solo utiliza 13MB de memoria aproximadamente y 5MB de espacio en disco una vez instalado.<\/p>\n<\/p><\/li><li>\u00bfLa transferencia de informaci\u00f3n entre el agente y el servicio web se encuentra encriptada?<p>\n<p>S\u00ed, la comunicaci\u00f3n entre las aplicaciones es a trav\u00e9s del protocolo https, toda la informaci\u00f3n se transmite encriptada.<\/p>\n<\/p><\/li><\/article><\/section>\t\t\n\t\t\t<h2>Preguntas Frecuentes<\/h2>\t\t\n\t\t\t\t\t\t\t\t\u00bfCu\u00e1nto tiempo demora la implementaci\u00f3n?\t\t\t\t\t\t\t\n\t\t\t\t\t\t\t\t<p><strong>Lorem Ipsum<\/strong>\u00a0is simply dummy text of the printing and typesetting industry. Lorem Ipsum has been the industry&#8217;s standard dummy text ever since the 1500s, when an unknown printer took a galley of type and scrambled it to make a type specimen book<\/p>\n\t\t\t\t\t\t\t\t\u00bfD\u00f3nde se instala el software?\t\t\t\t\t\t\t\n\t\t\t\t\t\t\t\t<p><strong>Lorem Ipsum<\/strong>\u00a0is simply dummy text of the printing and typesetting industry. Lorem Ipsum has been the industry&#8217;s standard dummy text ever since the 1500s, when an unknown printer took a galley of type and scrambled it to make a type specimen book<\/p>\n\t\t\t\t\t\t\t\t\u00bfCuales son los requerimientos minimos para la instalaci\u00f3n?\t\t\t\t\t\t\t\n\t\t\t\t\t\t\t\t<p><strong>Lorem Ipsum<\/strong>\u00a0is simply dummy text of the printing and typesetting industry. Lorem Ipsum has been the industry&#8217;s standard dummy text ever since the 1500s, when an unknown printer took a galley of type and scrambled it to make a type specimen book<\/p>\n\t\t\t\t\t\t\t\t\u00bfQu\u00e9 tipo de soporte incluye?\t\t\t\t\t\t\t\n\t\t\t\t\t\t\t\t<p><strong>Lorem Ipsum<\/strong>\u00a0is simply dummy text of the printing and typesetting industry. Lorem Ipsum has been the industry&#8217;s standard dummy text ever since the 1500s, when an unknown printer took a galley of type and scrambled it to make a type specimen book<\/p>\n\t\t\t\t\t\t\t\t\u00bfPuedo integrarlo a los sistemas que ya se usan en mi empresa?\t\t\t\t\t\t\t\n\t\t\t\t\t\t\t\t<p><strong>Lorem Ipsum<\/strong>\u00a0is simply dummy text of the printing and typesetting industry. Lorem Ipsum has been the industry&#8217;s standard dummy text ever since the 1500s, when an unknown printer took a galley of type and scrambled it to make a type specimen book<\/p>\n\t\t\t<h3>\u00bfQuieres una asesor\u00eda para este producto? <\/h3>\t\t\n\t\t\t<a href=\"mailto:Comercial.pe@pcsistel.com?subject=Informaci%C3%B3n%20%7C%20PCSistel%20Fija\" role=\"button\">\n\t\t\t\t\t\tEnv\u00edanos un mensaje\n\t\t\t\t\t<\/a>","protected":false},"excerpt":{"rendered":"<p>PCSISTEL\u00ae Productividad Monitorea el uso de de las aplicaciones en tu organizaci\u00f3n Monitoreo de uso de aplicaciones Revisa el tiempo de uso de aplicaciones Controla la productividad monitoreando el uso de aplicaciones y p\u00e1ginas web de un \u00e1rea como de un colaborador en espec\u00edfico.\u00a0 Elimina los tiempos muertos comparando el % de horas de uso &hellip;<\/p>\n<p class=\"read-more\"> <a class=\"\" href=\"https:\/\/www.pcsistel.com\/pe\/soluciones\/pcsistel-productividad\/\"> <span class=\"screen-reader-text\">PCSistel Productividad<\/span> Leer m\u00e1s &raquo;<\/a><\/p>\n","protected":false},"author":1,"featured_media":0,"parent":222,"menu_order":0,"comment_status":"closed","ping_status":"closed","template":"","meta":{"footnotes":""},"class_list":["post-1777","page","type-page","status-publish","hentry"],"_links":{"self":[{"href":"https:\/\/www.pcsistel.com\/pe\/wp-json\/wp\/v2\/pages\/1777","targetHints":{"allow":["GET"]}}],"collection":[{"href":"https:\/\/www.pcsistel.com\/pe\/wp-json\/wp\/v2\/pages"}],"about":[{"href":"https:\/\/www.pcsistel.com\/pe\/wp-json\/wp\/v2\/types\/page"}],"author":[{"embeddable":true,"href":"https:\/\/www.pcsistel.com\/pe\/wp-json\/wp\/v2\/users\/1"}],"replies":[{"embeddable":true,"href":"https:\/\/www.pcsistel.com\/pe\/wp-json\/wp\/v2\/comments?post=1777"}],"version-history":[{"count":18,"href":"https:\/\/www.pcsistel.com\/pe\/wp-json\/wp\/v2\/pages\/1777\/revisions"}],"predecessor-version":[{"id":1883,"href":"https:\/\/www.pcsistel.com\/pe\/wp-json\/wp\/v2\/pages\/1777\/revisions\/1883"}],"up":[{"embeddable":true,"href":"https:\/\/www.pcsistel.com\/pe\/wp-json\/wp\/v2\/pages\/222"}],"wp:attachment":[{"href":"https:\/\/www.pcsistel.com\/pe\/wp-json\/wp\/v2\/media?parent=1777"}],"curies":[{"name":"wp","href":"https:\/\/api.w.org\/{rel}","templated":true}]}}